{"id":1252,"date":"2021-11-15T10:20:31","date_gmt":"2021-11-15T10:20:31","guid":{"rendered":"https:\/\/domting.mhrtheme.com\/?page_id=35"},"modified":"2025-08-12T10:18:39","modified_gmt":"2025-08-12T10:18:39","slug":"blog-slider","status":"publish","type":"page","link":"https:\/\/blog.daiconext.com\/","title":{"rendered":"Blog Slider"},"content":{"rendered":"\t\t<div data-elementor-type=\"wp-page\" data-elementor-id=\"1252\" class=\"elementor elementor-1252\">\n\t\t\t\t\t\t<section class=\"elementor-section elementor-top-section elementor-element elementor-element-331bfee elementor-section-full_width elementor-section-height-default elementor-section-height-default\" data-id=\"331bfee\" data-element_type=\"section\">\n\t\t\t\t\t\t<div class=\"elementor-container elementor-column-gap-no\">\n\t\t\t\t\t<div class=\"elementor-column elementor-col-100 elementor-top-column elementor-element elementor-element-5575ae5\" data-id=\"5575ae5\" data-element_type=\"column\">\n\t\t\t<div class=\"elementor-widget-wrap elementor-element-populated\">\n\t\t\t\t\t\t<div class=\"elementor-element elementor-element-a334619 elementor-widget elementor-widget-spacer\" data-id=\"a334619\" data-element_type=\"widget\" data-widget_type=\"spacer.default\">\n\t\t\t\t<div class=\"elementor-widget-container\">\n\t\t\t\t\t\t\t<div class=\"elementor-spacer\">\n\t\t\t<div class=\"elementor-spacer-inner\"><\/div>\n\t\t<\/div>\n\t\t\t\t\t\t<\/div>\n\t\t\t\t<\/div>\n\t\t\t\t<div class=\"elementor-element elementor-element-443f284 elementor-widget elementor-widget-blog\" data-id=\"443f284\" data-element_type=\"widget\" data-widget_type=\"blog.default\">\n\t\t\t\t<div class=\"elementor-widget-container\">\n\t\t\t\t\t\r\n        <!-- Blog Column Style -->\r\n                \r\n        <!-- Blog Button Link -->\r\n                \r\n        <!-- START BLOG AREA -->\r\n        <section class=\"blog-area ptb-70\">\r\n            <div class=\"container\"> \r\n                 \r\n                    <div data-aos=\"fade-up\" data-aos-duration=\"1200\" class=\"section-title\">\r\n                        <span><\/span>\r\n                        <h2>Aprende m\u00e1s en nuestro blog<\/h2>\r\n                        <p>Descubre nuestros contenidos m\u00e1s recientes en blog.daiconext.com, donde abordamos temas clave como ciencia de datos, inteligencia artificial, desarrollo de c\u00f3digo eficiente, automatizaci\u00f3n y mucho m\u00e1s. Mantente al d\u00eda con conocimientos avanzados, tendencias emergentes y mejores pr\u00e1cticas para potenciar tus proyectos tecnol\u00f3gicos y decisiones basadas en datos.<\/p>\r\n                    <\/div>\r\n                                                    <div>\r\n                                                                                                            <div class=\"blog-wrap owl-carousel owl-theme\">\r\n                                                                                                                <div data-aos=\"fade-up\" data-aos-duration=\"1600\" class=\"blog-slider\">\r\n                                                            <div class=\"single-blog\">\r\n                                    <div class=\"post-image\">\r\n                                                                                    <a href=\"https:\/\/blog.daiconext.com\/index.php\/2025\/08\/18\/erwin-data-modeler-teradata\/\" class=\"d-block\">\r\n                                                <img decoding=\"async\" src=\"https:\/\/blog.daiconext.com\/wp-content\/uploads\/2025\/08\/edm-crear-modelo.jpg\" alt=\"Image\">\r\n                                            <\/a>\r\n                                                                            <\/div>\r\n                                    <div class=\"blog-content\">\r\n                                                                                    <ul>\r\n                                                <li>\r\n                                                    <a href=\"https:\/\/blog.daiconext.com\/index.php\/author\/cano19781wp\/\">\r\n                                                        <i class=\"bx bx-user\"><\/i>\r\n                                                        admin                                                    <\/a>\r\n                                                <\/li>\r\n                                                <li>\r\n                                                                                                        <a href=\"https:\/\/blog.daiconext.com\/index.php\/2025\/08\/18\/\">\r\n                                                        <i class=\"bx bx-time\"><\/i>\r\n                                                        18 Ago, 2025                                                    <\/a>\r\n                                                <\/li>\r\n                                            <\/ul>\r\n                                                                                <a href=\"https:\/\/blog.daiconext.com\/index.php\/2025\/08\/18\/erwin-data-modeler-teradata\/\">\r\n                                            <h3>Crear un Modelo: Erwin Data Modeler &#8211; Teradata<\/h3>\r\n                                        <\/a>\r\n                                        <p>Creando un modelo en Erwin Data Modeler con base de datos Teradata En este art\u00edculo vamos<\/p>\r\n                                                                                    <a href=\"https:\/\/blog.daiconext.com\/index.php\/2025\/08\/18\/erwin-data-modeler-teradata\/\" class=\"read-more\">\r\n                                                Read More                                                <i class=\"bx bx-plus\"><\/i>\r\n                                            <\/a>\r\n                                                                            <\/div>\r\n                                <\/div>\r\n                            <\/div>\r\n                                                                                    <div data-aos=\"fade-up\" data-aos-duration=\"1600\" class=\"blog-slider\">\r\n                                                            <div class=\"single-blog\">\r\n                                    <div class=\"post-image\">\r\n                                                                                    <a href=\"https:\/\/blog.daiconext.com\/index.php\/2025\/08\/12\/la-neurona-de-mcculloch-pitts\/\" class=\"d-block\">\r\n                                                <img decoding=\"async\" src=\"https:\/\/blog.daiconext.com\/wp-content\/uploads\/2025\/04\/cropped-slide1image.jpeg\" alt=\"Image\">\r\n                                            <\/a>\r\n                                                                            <\/div>\r\n                                    <div class=\"blog-content\">\r\n                                                                                    <ul>\r\n                                                <li>\r\n                                                    <a href=\"https:\/\/blog.daiconext.com\/index.php\/author\/cano19781wp\/\">\r\n                                                        <i class=\"bx bx-user\"><\/i>\r\n                                                        admin                                                    <\/a>\r\n                                                <\/li>\r\n                                                <li>\r\n                                                                                                        <a href=\"https:\/\/blog.daiconext.com\/index.php\/2025\/08\/12\/\">\r\n                                                        <i class=\"bx bx-time\"><\/i>\r\n                                                        12 Ago, 2025                                                    <\/a>\r\n                                                <\/li>\r\n                                            <\/ul>\r\n                                                                                <a href=\"https:\/\/blog.daiconext.com\/index.php\/2025\/08\/12\/la-neurona-de-mcculloch-pitts\/\">\r\n                                            <h3>La neurona de McCulloch\u2013Pitts<\/h3>\r\n                                        <\/a>\r\n                                        <p>El origen de las neuronas artificiales \u00bfSab\u00edas que las bases de la inteligencia artificial actual comenzaron<\/p>\r\n                                                                                    <a href=\"https:\/\/blog.daiconext.com\/index.php\/2025\/08\/12\/la-neurona-de-mcculloch-pitts\/\" class=\"read-more\">\r\n                                                Read More                                                <i class=\"bx bx-plus\"><\/i>\r\n                                            <\/a>\r\n                                                                            <\/div>\r\n                                <\/div>\r\n                            <\/div>\r\n                                                                                    <div data-aos=\"fade-up\" data-aos-duration=\"1600\" class=\"blog-slider\">\r\n                                                            <div class=\"single-blog\">\r\n                                    <div class=\"post-image\">\r\n                                                                                    <a href=\"https:\/\/blog.daiconext.com\/index.php\/2025\/06\/02\/introduccion-a-teradata\/\" class=\"d-block\">\r\n                                                <img decoding=\"async\" src=\"https:\/\/blog.daiconext.com\/wp-content\/uploads\/2025\/06\/Introduccion-a-Teradata.jpg\" alt=\"Image\">\r\n                                            <\/a>\r\n                                                                            <\/div>\r\n                                    <div class=\"blog-content\">\r\n                                                                                    <ul>\r\n                                                <li>\r\n                                                    <a href=\"https:\/\/blog.daiconext.com\/index.php\/author\/cano19781wp\/\">\r\n                                                        <i class=\"bx bx-user\"><\/i>\r\n                                                        admin                                                    <\/a>\r\n                                                <\/li>\r\n                                                <li>\r\n                                                                                                        <a href=\"https:\/\/blog.daiconext.com\/index.php\/2025\/06\/02\/\">\r\n                                                        <i class=\"bx bx-time\"><\/i>\r\n                                                        02 Jun, 2025                                                    <\/a>\r\n                                                <\/li>\r\n                                            <\/ul>\r\n                                                                                <a href=\"https:\/\/blog.daiconext.com\/index.php\/2025\/06\/02\/introduccion-a-teradata\/\">\r\n                                            <h3>Introduccion a Teradata<\/h3>\r\n                                        <\/a>\r\n                                        <p>Teradata&nbsp;\ud83d\ude80 \u00a1Bienvenido al fascinante mundo de Teradata! \ud83c\udf1f En el vasto panorama de la anal\u00edtica de<\/p>\r\n                                                                                    <a href=\"https:\/\/blog.daiconext.com\/index.php\/2025\/06\/02\/introduccion-a-teradata\/\" class=\"read-more\">\r\n                                                Read More                                                <i class=\"bx bx-plus\"><\/i>\r\n                                            <\/a>\r\n                                                                            <\/div>\r\n                                <\/div>\r\n                            <\/div>\r\n                                                                        <\/div>\r\n                                            \r\n                    <!-- Button Part Start --> \r\n                                            <div data-aos=\"fade-up\" data-aos-duration=\"1800\" class=\"btn-area text-center \">\r\n                            <a href=\"https:\/\/blog.daiconext.com\/index.php\/blog-grid\/\"   class=\"domting-default-btn\">Todos los Posts<\/a>\r\n                        <\/div>\r\n                                        <!-- Button Part End -->\r\n\r\n                    \r\n                <\/div>  \r\n            <\/div>\r\n        <\/section>\r\n        <!-- END BLOG AREA -->\r\n\r\n    \t\t\t\t<\/div>\n\t\t\t\t<\/div>\n\t\t\t\t\t<\/div>\n\t\t<\/div>\n\t\t\t\t\t<\/div>\n\t\t<\/section>\n\t\t\t\t<\/div>\n\t\t","protected":false},"excerpt":{"rendered":"<p>Aprende m\u00e1s en nuestro blog Descubre nuestros contenidos m\u00e1s recientes en blog.daiconext.com, donde abordamos temas clave como ciencia de datos, inteligencia artificial, desarrollo de c\u00f3digo eficiente, automatizaci\u00f3n y mucho m\u00e1s. Mantente al d\u00eda con conocimientos avanzados, tendencias emergentes y mejores pr\u00e1cticas para potenciar tus proyectos tecnol\u00f3gicos y decisiones basadas en datos. admin 02 Jun, 2025 [&hellip;]<\/p>\n","protected":false},"author":1,"featured_media":0,"parent":0,"menu_order":0,"comment_status":"closed","ping_status":"closed","template":"template-parts\/page-full-width.php","meta":{"_monsterinsights_skip_tracking":false,"_monsterinsights_sitenote_active":false,"_monsterinsights_sitenote_note":"","_monsterinsights_sitenote_category":0,"footnotes":""},"class_list":["post-1252","page","type-page","status-publish","hentry"],"aioseo_notices":[],"_links":{"self":[{"href":"https:\/\/blog.daiconext.com\/index.php\/wp-json\/wp\/v2\/pages\/1252","targetHints":{"allow":["GET"]}}],"collection":[{"href":"https:\/\/blog.daiconext.com\/index.php\/wp-json\/wp\/v2\/pages"}],"about":[{"href":"https:\/\/blog.daiconext.com\/index.php\/wp-json\/wp\/v2\/types\/page"}],"author":[{"embeddable":true,"href":"https:\/\/blog.daiconext.com\/index.php\/wp-json\/wp\/v2\/users\/1"}],"replies":[{"embeddable":true,"href":"https:\/\/blog.daiconext.com\/index.php\/wp-json\/wp\/v2\/comments?post=1252"}],"version-history":[{"count":18,"href":"https:\/\/blog.daiconext.com\/index.php\/wp-json\/wp\/v2\/pages\/1252\/revisions"}],"predecessor-version":[{"id":2695,"href":"https:\/\/blog.daiconext.com\/index.php\/wp-json\/wp\/v2\/pages\/1252\/revisions\/2695"}],"wp:attachment":[{"href":"https:\/\/blog.daiconext.com\/index.php\/wp-json\/wp\/v2\/media?parent=1252"}],"curies":[{"name":"wp","href":"https:\/\/api.w.org\/{rel}","templated":true}]}}